{"id":358,"date":"2025-10-08T23:19:58","date_gmt":"2025-10-08T21:19:58","guid":{"rendered":"https:\/\/fisc-neuro.com.pl\/?page_id=358"},"modified":"2025-11-06T22:10:55","modified_gmt":"2025-11-06T21:10:55","slug":"elementor-358","status":"publish","type":"page","link":"https:\/\/fisc-neuro.com.pl\/?page_id=358","title":{"rendered":"Elementor #358"},"content":{"rendered":"\t\t<div data-elementor-type=\"wp-post\" data-elementor-id=\"358\" class=\"elementor elementor-358\">\n\t\t\t\t<div class=\"elementor-element elementor-element-69bdefa1 e-flex e-con-boxed e-con e-parent\" data-id=\"69bdefa1\" data-element_type=\"container\" data-settings=\"{&quot;background_background&quot;:&quot;gradient&quot;,&quot;shape_divider_bottom&quot;:&quot;waves&quot;}\">\n\t\t\t\t\t<div class=\"e-con-inner\">\n\t\t\t\t<div class=\"elementor-shape elementor-shape-bottom\" aria-hidden=\"true\" data-negative=\"false\">\n\t\t\t<svg xmlns=\"http:\/\/www.w3.org\/2000\/svg\" viewBox=\"0 0 1000 100\" preserveAspectRatio=\"none\">\n\t<path class=\"elementor-shape-fill\" d=\"M421.9,6.5c22.6-2.5,51.5,0.4,75.5,5.3c23.6,4.9,70.9,23.5,100.5,35.7c75.8,32.2,133.7,44.5,192.6,49.7\n\tc23.6,2.1,48.7,3.5,103.4-2.5c54.7-6,106.2-25.6,106.2-25.6V0H0v30.3c0,0,72,32.6,158.4,30.5c39.2-0.7,92.8-6.7,134-22.4\n\tc21.2-8.1,52.2-18.2,79.7-24.2C399.3,7.9,411.6,7.5,421.9,6.5z\"\/>\n<\/svg>\t\t<\/div>\n\t\t\t\t<div class=\"elementor-element elementor-element-143e6313 elementor-widget elementor-widget-heading\" data-id=\"143e6313\" data-element_type=\"widget\" data-widget_type=\"heading.default\">\n\t\t\t\t<div class=\"elementor-widget-container\">\n\t\t\t\t\t<h1 class=\"elementor-heading-title elementor-size-default\">SPEAKERS<\/h1>\t\t\t\t<\/div>\n\t\t\t\t<\/div>\n\t\t\t\t<div class=\"elementor-element elementor-element-1bb12b2a elementor-widget elementor-widget-heading\" data-id=\"1bb12b2a\" data-element_type=\"widget\" data-widget_type=\"heading.default\">\n\t\t\t\t<div class=\"elementor-widget-container\">\n\t\t\t\t\t<h3 class=\"elementor-heading-title elementor-size-default\">It's all thanks to you!<\/h3>\t\t\t\t<\/div>\n\t\t\t\t<\/div>\n\t\t\t\t\t<\/div>\n\t\t\t\t<\/div>\n\t\t<div class=\"elementor-element elementor-element-5ca23124 e-flex e-con-boxed e-con e-parent\" data-id=\"5ca23124\" data-element_type=\"container\" data-settings=\"{&quot;background_background&quot;:&quot;classic&quot;}\">\n\t\t\t\t\t<div class=\"e-con-inner\">\n\t\t<div class=\"elementor-element elementor-element-10d84b6a e-con-full e-flex e-con e-child\" data-id=\"10d84b6a\" data-element_type=\"container\">\n\t\t<div class=\"elementor-element elementor-element-466fae8d e-con-full e-flex e-con e-child\" data-id=\"466fae8d\" data-element_type=\"container\" data-settings=\"{&quot;background_background&quot;:&quot;classic&quot;}\">\n\t\t\t\t<div class=\"elementor-element elementor-element-878fa9a elementor-position-top elementor-widget elementor-widget-image-box\" data-id=\"878fa9a\" data-element_type=\"widget\" data-widget_type=\"image-box.default\">\n\t\t\t\t<div class=\"elementor-widget-container\">\n\t\t\t\t\t<div class=\"elementor-image-box-wrapper\"><figure class=\"elementor-image-box-img\"><img decoding=\"async\" src=\"https:\/\/fisc-neuro.com.pl\/wp-content\/uploads\/elementor\/thumbs\/PNG-image-rcyg6oez9sm00drlz3bpiibpfz0lb1u1lpr46sgp5u.jpg\" title=\"Screenshot\" alt=\"Screenshot\" loading=\"lazy\" \/><\/figure><div class=\"elementor-image-box-content\"><h3 class=\"elementor-image-box-title\">Dr n. med. Agnieszka Wiertel \u2013 Krawczuk<\/h3><\/div><\/div>\t\t\t\t<\/div>\n\t\t\t\t<\/div>\n\t\t\t\t<div class=\"elementor-element elementor-element-75434cfd elementor-align-left elementor-mobile-align-center elementor-widget elementor-widget-button\" data-id=\"75434cfd\" data-element_type=\"widget\" data-widget_type=\"button.default\">\n\t\t\t\t<div class=\"elementor-widget-container\">\n\t\t\t\t\t\t\t\t\t<div class=\"elementor-button-wrapper\">\n\t\t\t\t\t<a class=\"elementor-button elementor-button-link elementor-size-sm elementor-animation-grow\" href=\"#\">\n\t\t\t\t\t\t<span class=\"elementor-button-content-wrapper\">\n\t\t\t\t\t\t<span class=\"elementor-button-icon\">\n\t\t\t\t\t\t\t<\/span>\n\t\t\t\t\t\t\t\t\t<span class=\"elementor-button-text\">Thoracic outlet syndrome or C8 cervical root injury: a neurophysiological differential diagnostic<\/span>\n\t\t\t\t\t<\/span>\n\t\t\t\t\t<\/a>\n\t\t\t\t<\/div>\n\t\t\t\t\t\t\t\t<\/div>\n\t\t\t\t<\/div>\n\t\t\t\t<\/div>\n\t\t<div class=\"elementor-element elementor-element-cc6f5f7 e-con-full e-flex e-con e-child\" data-id=\"cc6f5f7\" data-element_type=\"container\" data-settings=\"{&quot;background_background&quot;:&quot;classic&quot;}\">\n\t\t\t\t<div class=\"elementor-element elementor-element-540e4c1 elementor-position-top elementor-widget elementor-widget-image-box\" data-id=\"540e4c1\" data-element_type=\"widget\" data-widget_type=\"image-box.default\">\n\t\t\t\t<div class=\"elementor-widget-container\">\n\t\t\t\t\t<div class=\"elementor-image-box-wrapper\"><figure class=\"elementor-image-box-img\"><img decoding=\"async\" src=\"https:\/\/fisc-neuro.com.pl\/wp-content\/uploads\/elementor\/thumbs\/4e75f0d214c4a48185f21c2ba3ef2b3a-2-re0xrlrcgju6xqxseeapd8bfwma36pnjldleydimhu.png\" title=\"4e75f0d214c4a48185f21c2ba3ef2b3a 2\" alt=\"4e75f0d214c4a48185f21c2ba3ef2b3a 2\" loading=\"lazy\" \/><\/figure><div class=\"elementor-image-box-content\"><h3 class=\"elementor-image-box-title\">Dr n. med. Maciej Wiktor Klimasi\u0144ski<\/h3><\/div><\/div>\t\t\t\t<\/div>\n\t\t\t\t<\/div>\n\t\t\t\t<div class=\"elementor-element elementor-element-568c3e8 elementor-align-left elementor-mobile-align-center elementor-widget elementor-widget-button\" data-id=\"568c3e8\" data-element_type=\"widget\" data-widget_type=\"button.default\">\n\t\t\t\t<div class=\"elementor-widget-container\">\n\t\t\t\t\t\t\t\t\t<div class=\"elementor-button-wrapper\">\n\t\t\t\t\t<a class=\"elementor-button elementor-button-link elementor-size-sm elementor-animation-grow\" href=\"#\">\n\t\t\t\t\t\t<span class=\"elementor-button-content-wrapper\">\n\t\t\t\t\t\t<span class=\"elementor-button-icon\">\n\t\t\t\t\t\t\t<\/span>\n\t\t\t\t\t\t\t\t\t<span class=\"elementor-button-text\">Pulsed radiofrequency as a neruomodulation technique for treating chronic pain.<\/span>\n\t\t\t\t\t<\/span>\n\t\t\t\t\t<\/a>\n\t\t\t\t<\/div>\n\t\t\t\t\t\t\t\t<\/div>\n\t\t\t\t<\/div>\n\t\t\t\t<\/div>\n\t\t<div class=\"elementor-element elementor-element-6039139 e-con-full e-flex e-con e-child\" data-id=\"6039139\" data-element_type=\"container\" data-settings=\"{&quot;background_background&quot;:&quot;classic&quot;}\">\n\t\t\t\t<div class=\"elementor-element elementor-element-968be7c elementor-position-top elementor-widget elementor-widget-image-box\" data-id=\"968be7c\" data-element_type=\"widget\" data-widget_type=\"image-box.default\">\n\t\t\t\t<div class=\"elementor-widget-container\">\n\t\t\t\t\t<div class=\"elementor-image-box-wrapper\"><figure class=\"elementor-image-box-img\"><img decoding=\"async\" src=\"https:\/\/fisc-neuro.com.pl\/wp-content\/uploads\/elementor\/thumbs\/0d0f7d0b8165eb2457fa7cef863d81ff-rdvjyskx1x3zxh582mrm5sz4lm3a88771ddrla3qle.png\" title=\"0d0f7d0b8165eb2457fa7cef863d81ff\" alt=\"0d0f7d0b8165eb2457fa7cef863d81ff\" loading=\"lazy\" \/><\/figure><div class=\"elementor-image-box-content\"><h3 class=\"elementor-image-box-title\">Lek. Micha\u0142 G\u00f3recki<\/h3><\/div><\/div>\t\t\t\t<\/div>\n\t\t\t\t<\/div>\n\t\t\t\t<div class=\"elementor-element elementor-element-4ec1a98 elementor-align-left elementor-mobile-align-center elementor-widget elementor-widget-button\" data-id=\"4ec1a98\" data-element_type=\"widget\" data-widget_type=\"button.default\">\n\t\t\t\t<div class=\"elementor-widget-container\">\n\t\t\t\t\t\t\t\t\t<div class=\"elementor-button-wrapper\">\n\t\t\t\t\t<a class=\"elementor-button elementor-button-link elementor-size-sm elementor-animation-grow\" href=\"#\">\n\t\t\t\t\t\t<span class=\"elementor-button-content-wrapper\">\n\t\t\t\t\t\t<span class=\"elementor-button-icon\">\n\t\t\t\t\t\t\t<\/span>\n\t\t\t\t\t\t\t\t\t<span class=\"elementor-button-text\">Advanced reconstructive strategies in high-energy brachial plexus and peripheral nerve injuries - interdisciplinary collaboration between a neurophysiologist and a hand or nerve surgeon.<\/span>\n\t\t\t\t\t<\/span>\n\t\t\t\t\t<\/a>\n\t\t\t\t<\/div>\n\t\t\t\t\t\t\t\t<\/div>\n\t\t\t\t<\/div>\n\t\t\t\t<\/div>\n\t\t<div class=\"elementor-element elementor-element-f0123bf e-con-full e-flex e-con e-child\" data-id=\"f0123bf\" data-element_type=\"container\" data-settings=\"{&quot;background_background&quot;:&quot;classic&quot;}\">\n\t\t\t\t<div class=\"elementor-element elementor-element-d8e00c9 elementor-position-top elementor-widget elementor-widget-image-box\" data-id=\"d8e00c9\" data-element_type=\"widget\" data-widget_type=\"image-box.default\">\n\t\t\t\t<div class=\"elementor-widget-container\">\n\t\t\t\t\t<div class=\"elementor-image-box-wrapper\"><figure class=\"elementor-image-box-img\"><img decoding=\"async\" src=\"https:\/\/fisc-neuro.com.pl\/wp-content\/uploads\/elementor\/thumbs\/anna_krzyzanska-rebj7h0wxvqby2msxkmf1ji9d5nc6b7x7tdwtj5082.png\" title=\"anna_krzyzanska\" alt=\"anna_krzyzanska\" loading=\"lazy\" \/><\/figure><div class=\"elementor-image-box-content\"><h3 class=\"elementor-image-box-title\">Mgr Anna Krzy\u017ca\u0144ska <\/h3><\/div><\/div>\t\t\t\t<\/div>\n\t\t\t\t<\/div>\n\t\t\t\t<div class=\"elementor-element elementor-element-66104c0 elementor-align-left elementor-mobile-align-center elementor-widget elementor-widget-button\" data-id=\"66104c0\" data-element_type=\"widget\" data-widget_type=\"button.default\">\n\t\t\t\t<div class=\"elementor-widget-container\">\n\t\t\t\t\t\t\t\t\t<div class=\"elementor-button-wrapper\">\n\t\t\t\t\t<a class=\"elementor-button elementor-button-link elementor-size-sm elementor-animation-grow\" href=\"#\">\n\t\t\t\t\t\t<span class=\"elementor-button-content-wrapper\">\n\t\t\t\t\t\t<span class=\"elementor-button-icon\">\n\t\t\t\t\t\t\t<\/span>\n\t\t\t\t\t\t\t\t\t<span class=\"elementor-button-text\"> Technology and Exoskeletons for cerebral palsy- rehabilitation protocol<\/span>\n\t\t\t\t\t<\/span>\n\t\t\t\t\t<\/a>\n\t\t\t\t<\/div>\n\t\t\t\t\t\t\t\t<\/div>\n\t\t\t\t<\/div>\n\t\t\t\t<\/div>\n\t\t<div class=\"elementor-element elementor-element-873ec09 e-con-full e-flex e-con e-child\" data-id=\"873ec09\" data-element_type=\"container\" data-settings=\"{&quot;background_background&quot;:&quot;classic&quot;}\">\n\t\t\t\t<div class=\"elementor-element elementor-element-c239c04 elementor-position-top elementor-widget elementor-widget-image-box\" data-id=\"c239c04\" data-element_type=\"widget\" data-widget_type=\"image-box.default\">\n\t\t\t\t<div class=\"elementor-widget-container\">\n\t\t\t\t\t<div class=\"elementor-image-box-wrapper\"><figure class=\"elementor-image-box-img\"><img decoding=\"async\" src=\"https:\/\/fisc-neuro.com.pl\/wp-content\/uploads\/elementor\/thumbs\/IMG_7285-scaled-rdqu1hzl2gzvcoutrwc8gzdodrgetxyrnkr1by9yzm.jpeg\" title=\"IMG_7285\" alt=\"IMG_7285\" loading=\"lazy\" \/><\/figure><div class=\"elementor-image-box-content\"><h3 class=\"elementor-image-box-title\">Dr n. med. Tomasz Reysner<\/h3><\/div><\/div>\t\t\t\t<\/div>\n\t\t\t\t<\/div>\n\t\t\t\t<div class=\"elementor-element elementor-element-b5762f9 elementor-align-left elementor-mobile-align-center elementor-widget elementor-widget-button\" data-id=\"b5762f9\" data-element_type=\"widget\" data-widget_type=\"button.default\">\n\t\t\t\t<div class=\"elementor-widget-container\">\n\t\t\t\t\t\t\t\t\t<div class=\"elementor-button-wrapper\">\n\t\t\t\t\t<a class=\"elementor-button elementor-button-link elementor-size-sm elementor-animation-grow\" href=\"#\">\n\t\t\t\t\t\t<span class=\"elementor-button-content-wrapper\">\n\t\t\t\t\t\t<span class=\"elementor-button-icon\">\n\t\t\t\t\t\t\t<\/span>\n\t\t\t\t\t\t\t\t\t<span class=\"elementor-button-text\">Anesthetic Management in Scoliosis Surgery with Intraoperative Neuromonitoring: From Total Intravenous Anesthesia to Regional Blocks<\/span>\n\t\t\t\t\t<\/span>\n\t\t\t\t\t<\/a>\n\t\t\t\t<\/div>\n\t\t\t\t\t\t\t\t<\/div>\n\t\t\t\t<\/div>\n\t\t\t\t<\/div>\n\t\t<div class=\"elementor-element elementor-element-65e899f e-con-full e-flex e-con e-child\" data-id=\"65e899f\" data-element_type=\"container\" data-settings=\"{&quot;background_background&quot;:&quot;classic&quot;}\">\n\t\t\t\t<div class=\"elementor-element elementor-element-7fd31df elementor-position-top elementor-widget elementor-widget-image-box\" data-id=\"7fd31df\" data-element_type=\"widget\" data-widget_type=\"image-box.default\">\n\t\t\t\t<div class=\"elementor-widget-container\">\n\t\t\t\t\t<div class=\"elementor-image-box-wrapper\"><figure class=\"elementor-image-box-img\"><img decoding=\"async\" src=\"https:\/\/fisc-neuro.com.pl\/wp-content\/uploads\/elementor\/thumbs\/Zrzut-ekranu-2025-06-4-o-19.08.07-r6tlvctd2evylzoj2o942xta4q6yo6q3773704ue76.png\" title=\"Zrzut ekranu 2025-06-4 o 19.08.07\" alt=\"Zrzut ekranu 2025-06-4 o 19.08.07\" loading=\"lazy\" \/><\/figure><div class=\"elementor-image-box-content\"><h3 class=\"elementor-image-box-title\">Dr n. med. Ma\u0142gorzata Reysner<\/h3><\/div><\/div>\t\t\t\t<\/div>\n\t\t\t\t<\/div>\n\t\t\t\t<div class=\"elementor-element elementor-element-2300135 elementor-align-left elementor-mobile-align-center elementor-widget elementor-widget-button\" data-id=\"2300135\" data-element_type=\"widget\" data-widget_type=\"button.default\">\n\t\t\t\t<div class=\"elementor-widget-container\">\n\t\t\t\t\t\t\t\t\t<div class=\"elementor-button-wrapper\">\n\t\t\t\t\t<a class=\"elementor-button elementor-size-sm elementor-animation-grow\" role=\"button\">\n\t\t\t\t\t\t<span class=\"elementor-button-content-wrapper\">\n\t\t\t\t\t\t<span class=\"elementor-button-icon\">\n\t\t\t\t\t\t\t<\/span>\n\t\t\t\t\t\t\t\t\t<span class=\"elementor-button-text\">Neurophysiological Basis of Pain Modulation through Regional Anesthesia: Insights from Current Literature<\/span>\n\t\t\t\t\t<\/span>\n\t\t\t\t\t<\/a>\n\t\t\t\t<\/div>\n\t\t\t\t\t\t\t\t<\/div>\n\t\t\t\t<\/div>\n\t\t\t\t<\/div>\n\t\t<div class=\"elementor-element elementor-element-404bd9d e-con-full e-flex e-con e-child\" data-id=\"404bd9d\" data-element_type=\"container\" data-settings=\"{&quot;background_background&quot;:&quot;classic&quot;}\">\n\t\t\t\t<div class=\"elementor-element elementor-element-94842b9 elementor-position-top elementor-widget elementor-widget-image-box\" data-id=\"94842b9\" data-element_type=\"widget\" data-widget_type=\"image-box.default\">\n\t\t\t\t<div class=\"elementor-widget-container\">\n\t\t\t\t\t<div class=\"elementor-image-box-wrapper\"><figure class=\"elementor-image-box-img\"><img decoding=\"async\" src=\"https:\/\/fisc-neuro.com.pl\/wp-content\/uploads\/elementor\/thumbs\/Zrzut-ekranu-2025-10-19-o-21.18.14-rdg8jsxbaqlnrntdwxkmy4slc93gvj56g3ajvfd5cy.png\" title=\"Zrzut ekranu 2025-10-19 o 21.18.14\" alt=\"Zrzut ekranu 2025-10-19 o 21.18.14\" loading=\"lazy\" \/><\/figure><div class=\"elementor-image-box-content\"><h3 class=\"elementor-image-box-title\">Mgr Jakub Matuska<\/h3><\/div><\/div>\t\t\t\t<\/div>\n\t\t\t\t<\/div>\n\t\t\t\t<div class=\"elementor-element elementor-element-76ccd6b elementor-align-left elementor-mobile-align-center elementor-widget elementor-widget-button\" data-id=\"76ccd6b\" data-element_type=\"widget\" data-widget_type=\"button.default\">\n\t\t\t\t<div class=\"elementor-widget-container\">\n\t\t\t\t\t\t\t\t\t<div class=\"elementor-button-wrapper\">\n\t\t\t\t\t<a class=\"elementor-button elementor-button-link elementor-size-sm elementor-animation-grow\" href=\"#\">\n\t\t\t\t\t\t<span class=\"elementor-button-content-wrapper\">\n\t\t\t\t\t\t<span class=\"elementor-button-icon\">\n\t\t\t\t\t\t\t<\/span>\n\t\t\t\t\t\t\t\t\t<span class=\"elementor-button-text\">The Role of Physiotherapy in Managing Chronic Primary Musculoskeletal Pain<\/span>\n\t\t\t\t\t<\/span>\n\t\t\t\t\t<\/a>\n\t\t\t\t<\/div>\n\t\t\t\t\t\t\t\t<\/div>\n\t\t\t\t<\/div>\n\t\t\t\t<\/div>\n\t\t<div class=\"elementor-element elementor-element-3217da2 e-con-full e-flex e-con e-child\" data-id=\"3217da2\" data-element_type=\"container\" data-settings=\"{&quot;background_background&quot;:&quot;classic&quot;}\">\n\t\t\t\t<div class=\"elementor-element elementor-element-05b0eb7 elementor-position-top elementor-widget elementor-widget-image-box\" data-id=\"05b0eb7\" data-element_type=\"widget\" data-widget_type=\"image-box.default\">\n\t\t\t\t<div class=\"elementor-widget-container\">\n\t\t\t\t\t<div class=\"elementor-image-box-wrapper\"><figure class=\"elementor-image-box-img\"><img fetchpriority=\"high\" decoding=\"async\" width=\"1200\" height=\"870\" src=\"https:\/\/fisc-neuro.com.pl\/wp-content\/uploads\/2025\/10\/3.prof_.Huber_.jpg\" class=\"attachment-full size-full wp-image-399\" alt=\"\" srcset=\"https:\/\/fisc-neuro.com.pl\/wp-content\/uploads\/2025\/10\/3.prof_.Huber_.jpg 1200w, https:\/\/fisc-neuro.com.pl\/wp-content\/uploads\/2025\/10\/3.prof_.Huber_-300x218.jpg 300w, https:\/\/fisc-neuro.com.pl\/wp-content\/uploads\/2025\/10\/3.prof_.Huber_-1024x742.jpg 1024w, https:\/\/fisc-neuro.com.pl\/wp-content\/uploads\/2025\/10\/3.prof_.Huber_-768x557.jpg 768w\" sizes=\"(max-width: 1200px) 100vw, 1200px\" \/><\/figure><div class=\"elementor-image-box-content\"><h3 class=\"elementor-image-box-title\">Prof. dr hab. n. med. Juliusz Huber<\/h3><\/div><\/div>\t\t\t\t<\/div>\n\t\t\t\t<\/div>\n\t\t\t\t<div class=\"elementor-element elementor-element-c5fe41b elementor-align-left elementor-mobile-align-center elementor-widget elementor-widget-button\" data-id=\"c5fe41b\" data-element_type=\"widget\" data-widget_type=\"button.default\">\n\t\t\t\t<div class=\"elementor-widget-container\">\n\t\t\t\t\t\t\t\t\t<div class=\"elementor-button-wrapper\">\n\t\t\t\t\t<a class=\"elementor-button elementor-button-link elementor-size-sm elementor-animation-grow\" href=\"#\">\n\t\t\t\t\t\t<span class=\"elementor-button-content-wrapper\">\n\t\t\t\t\t\t<span class=\"elementor-button-icon\">\n\t\t\t\t\t\t\t<\/span>\n\t\t\t\t\t\t\t\t\t<span class=\"elementor-button-text\">Which spinal cord neural efferent pathways can be responsible for the mechanism of action of the reflex locomotion? Neurophysiological analysis based on the results of the motor evoked potential recordings in healthy subjects.<\/span>\n\t\t\t\t\t<\/span>\n\t\t\t\t\t<\/a>\n\t\t\t\t<\/div>\n\t\t\t\t\t\t\t\t<\/div>\n\t\t\t\t<\/div>\n\t\t\t\t<\/div>\n\t\t\t\t<\/div>\n\t\t\t\t\t<\/div>\n\t\t\t\t<\/div>\n\t\t\t\t<\/div>\n\t\t","protected":false},"excerpt":{"rendered":"<p>SPEAKERS It&#8217;s all thanks to you! Dr n. med. Agnieszka Wiertel \u2013 Krawczuk Thoracic outlet syndrome or C8 cervical root injury: a neurophysiological differential diagnostic Dr n. med. Maciej Wiktor Klimasi\u0144ski Pulsed radiofrequency as a neruomodulation technique for treating chronic pain. Lek. Micha\u0142 G\u00f3recki Advanced reconstructive strategies in high-energy brachial plexus and peripheral nerve injuries [&hellip;]<\/p>\n","protected":false},"author":1,"featured_media":0,"parent":0,"menu_order":0,"comment_status":"closed","ping_status":"closed","template":"elementor_header_footer","meta":{"footnotes":""},"class_list":["post-358","page","type-page","status-publish","hentry"],"_links":{"self":[{"href":"https:\/\/fisc-neuro.com.pl\/index.php?rest_route=\/wp\/v2\/pages\/358","targetHints":{"allow":["GET"]}}],"collection":[{"href":"https:\/\/fisc-neuro.com.pl\/index.php?rest_route=\/wp\/v2\/pages"}],"about":[{"href":"https:\/\/fisc-neuro.com.pl\/index.php?rest_route=\/wp\/v2\/types\/page"}],"author":[{"embeddable":true,"href":"https:\/\/fisc-neuro.com.pl\/index.php?rest_route=\/wp\/v2\/users\/1"}],"replies":[{"embeddable":true,"href":"https:\/\/fisc-neuro.com.pl\/index.php?rest_route=%2Fwp%2Fv2%2Fcomments&post=358"}],"version-history":[{"count":76,"href":"https:\/\/fisc-neuro.com.pl\/index.php?rest_route=\/wp\/v2\/pages\/358\/revisions"}],"predecessor-version":[{"id":611,"href":"https:\/\/fisc-neuro.com.pl\/index.php?rest_route=\/wp\/v2\/pages\/358\/revisions\/611"}],"wp:attachment":[{"href":"https:\/\/fisc-neuro.com.pl\/index.php?rest_route=%2Fwp%2Fv2%2Fmedia&parent=358"}],"curies":[{"name":"wp","href":"https:\/\/api.w.org\/{rel}","templated":true}]}}